{"id":61,"date":"2024-06-26T02:57:29","date_gmt":"2024-06-26T02:57:29","guid":{"rendered":"https:\/\/gardneracademy.edu.ec\/gardner\/home\/"},"modified":"2024-09-26T18:29:49","modified_gmt":"2024-09-26T18:29:49","slug":"home","status":"publish","type":"page","link":"https:\/\/gardneracademy.edu.ec\/gardner\/","title":{"rendered":"Home"},"content":{"rendered":"\n\n\n\n\n\n\n\n\ncont\u00e1ctanos\nAQU\u00cd\n\n\n\n\n\n\n\n\n\n\n\nMetodolog\u00eda de educaci\u00f3n\n<span style=\"letter-spacing: normal; text-align: left; text-decoration-style: initial;\">Nuestra metodolog\u00eda innovadora y \u00fanica, permite que nuestros ni\u00f1os tengan ambientes de trabajo exclusivos y personalizados que buscan potenciar sus inteligencias y habilidades. Esto permite que nuestros ni\u00f1os consoliden una formaci\u00f3n aut\u00f3noma, independiente que permita su desarrollo basado en el liderazgo. El aprendizaje se lleva a cabo en nuestra aula natural, facilitando la integraci\u00f3n de los aprendizajes motores e intelectuales de forma coherente en su manera de actuar.<\/span>\n\n\n\n\n\n\n\n\n\nUNA MAGN\u00cdFICA EXPERIENCIA EDUCATIVA\n\n\n\n\n\n\n\n\n\n\n\n\n\n\n\n\n\n\n\n\n\n\n<h1><strong>\u00bfQui\u00e9nes somos?<\/strong><\/h1>\nGardner Academy es una escuela que trabaja con peque\u00f1os desde su primer a\u00f1o de edad en maternal, hasta 7mo de educaci\u00f3n general b\u00e1sica.\n<p>\n\nBrindamos una educaci\u00f3n de calidad con formaci\u00f3n integral mediante un acompa\u00f1amiento personalizado que se adapta a un mundo en transformaci\u00f3n.\n<\/p>\n<p>\n\nSomos conscientes que la base del aprendizaje son las relaciones, es por esto que fomentamos un ambiente de amor y respeto en donde nuestros ni\u00f1os pueden encontrar su propia voz impulsando su autonom\u00eda y liderazgo.<\/p>\n\n\n\n\n\n\n\n\n\n\n\n\n\n\n\n\n\n\n\n\n\n\n<p><strong>\u00bfPorqu\u00e9 Gardner?<\/strong><br><\/p>\nNuestro modelo de aprendizaje considera que cada ni\u00f1o es \u00fanico y por ello buscamos promover y potencializar su individualidad, creando espacios, ambientes educativos y criterios, para que aflore su sabidur\u00eda interna y adopte el conocimiento para avanzar de manera equilibrada y respetuosa en sus procesos de aprendizaje rodeados de naturaleza, ya que nuestro sal\u00f3n preferido&#8230; \u00a1Es el aire libre!.\n\n\n\n\n\n\n\n\n\n\n\n\n\n\n\n\n\n\n\n<strong>Filosof\u00eda Educativa<\/strong>\nGardner Academy, se caracteriza por entender y acompa\u00f1ar los diferentes ritmos de aprendizaje de cada ni\u00f1o y ni\u00f1a, cada ser es \u00fanico, por lo que los valoramos y respetamos en todas sus dimensiones. Creemos que el aprendizaje es experiencial, divertido, infinito y en esencia transformador.\n<p>\n\nGardner Academy reconoce la relaci\u00f3n entre familia y escuela, como fundamental, para generar un desarrollo f\u00edsico, emocional e intelectual de nuestros ni\u00f1os.<\/p>\n\n\n\n\n\n\nEL INICIO DE UN FUTURO BRILLANTE\nNUESTRA OFERTA\n\n\n<p style=\"font-size: 16px;\"><font color=\"#636363\">.<\/font><\/p>\n\n\n<p style=\"font-size: 16px;\"><font color=\"#636363\">.<\/font><\/p>\n\n\n\n\n\n\n\n\n\nVALORES\n<p><span style=\"font-family: Raleway; font-size: 16px; font-style: normal; font-variant-ligatures: normal; font-variant-caps: normal; font-weight: 500;\">Ser uno consigo mismo. Respeto: Aprecio por las personas.<\/span><br><\/p>\n<p><span style=\"font-family: Raleway; font-size: 16px; font-style: normal; font-variant-ligatures: normal; font-variant-caps: normal; font-weight: 500;\">Aportar en donde se me necesite.<\/span><br><\/p>\n<p><span style=\"font-family: Raleway; font-size: 16px; font-style: normal; font-variant-ligatures: normal; font-variant-caps: normal; font-weight: 500;\">Crear sinergia en el lugar que me encuentre.<\/span><br><\/p>\n<p><span style=\"font-family: Raleway; font-size: 16px; font-style: normal; font-variant-ligatures: normal; font-variant-caps: normal; font-weight: 500;\">Crear nuevas oportunidades.<\/span><br><\/p>\n\n\n\n<p><span style=\"font-family: Raleway; font-size: 16px; font-style: normal; font-variant-ligatures: normal; font-variant-caps: normal; font-weight: 500;\">Guiarse a s\u00ed mismo y a los dem\u00e1s, con claridad hacia el bien mayor.<\/span><br><\/p>\n<p><span style=\"font-family: Raleway; font-size: 16px; font-style: normal; font-variant-ligatures: normal; font-variant-caps: normal; font-weight: 500;\">Hacer lo mejor con lo que tengo.<\/span><br><\/p>\n\n\n\n\neSTAMOS EN PROCESO DE ADMISI\u00d3N\nEl inicio de un futuro brillante\nMATERNAL &#8211; INIICIAL &#8211; EDUCACI\u00d3N GENERAL B\u00c1SICA\n\n\n\n\n\nPRINCIPIOS\n<p><span style=\"font-family: Raleway; font-size: 16px; font-style: normal; font-variant-ligatures: normal; font-variant-caps: normal; font-weight: 500;\">Construir una escuela tolerante, solidaria, inclusiva y participativa, en la cual predomine un clima de di\u00e1logo y respeto entre todos los participantes de la comunidad educativa.<\/span><br><\/p>\n\n\n\n\n\n\n\n\n\n\n\n\n\n<p style=\"text-align: center;\"><br>\u00abDecid\u00ed que era el lugar perfecto para dejar en las mejores manos a mi Juanjo, nos dieron acogida, seguridad, calor de una familia, las instalaciones nos encantan, nos han brindado paciencia en su proceso de aprendizaje, apoyo en sus falencias y experiencias \u00fanicas para \u00e9l.\nAmamos Gardner desde el primer d\u00eda\u00bb.\n-Ma. Jos\u00e9.-<\/p>\n<p style=\"text-align: center;\"><br>\u00abEscogimos el mejor lugar para que nuestro hijo desarrolle sus inteligencias, acompa\u00f1ado de una educaci\u00f3n emocional, que ayuda a complementar nuestra tarea como padres en la ense\u00f1anza de valores. En Gardner encontramos una educaci\u00f3n integral basada en el amor.\u00bb -Sofi-<\/p>\n<p style=\"text-align: center;\"><br>\u00abElegimos Gardner, porque desde el principio sentimos el compromiso de cuidar de nuestros hijos con mucho amor. Gardner es la extensi\u00f3n de nuestro hogar; mis hijos y nosotros como pap\u00e1s los sentimos as\u00ed.\u00bb\n-Niza Torres-<\/p>\n\n\n\n\n\n\n<p>GALER\u00cdA GARDNER<\/p>\n\n\n\n\n\n\n\n\n\n\n\n\n\n\n\n\n\n\n\n\n\n\n","protected":false},"excerpt":{"rendered":"","protected":false},"author":2,"featured_media":0,"parent":0,"menu_order":0,"comment_status":"closed","ping_status":"closed","template":"","meta":{"pagelayer_contact_templates":[],"_pagelayer_content":"","footnotes":""},"class_list":["post-61","page","type-page","status-publish","hentry"],"_links":{"self":[{"href":"https:\/\/gardneracademy.edu.ec\/gardner\/wp-json\/wp\/v2\/pages\/61","targetHints":{"allow":["GET"]}}],"collection":[{"href":"https:\/\/gardneracademy.edu.ec\/gardner\/wp-json\/wp\/v2\/pages"}],"about":[{"href":"https:\/\/gardneracademy.edu.ec\/gardner\/wp-json\/wp\/v2\/types\/page"}],"author":[{"embeddable":true,"href":"https:\/\/gardneracademy.edu.ec\/gardner\/wp-json\/wp\/v2\/users\/2"}],"replies":[{"embeddable":true,"href":"https:\/\/gardneracademy.edu.ec\/gardner\/wp-json\/wp\/v2\/comments?post=61"}],"version-history":[{"count":130,"href":"https:\/\/gardneracademy.edu.ec\/gardner\/wp-json\/wp\/v2\/pages\/61\/revisions"}],"predecessor-version":[{"id":343,"href":"https:\/\/gardneracademy.edu.ec\/gardner\/wp-json\/wp\/v2\/pages\/61\/revisions\/343"}],"wp:attachment":[{"href":"https:\/\/gardneracademy.edu.ec\/gardner\/wp-json\/wp\/v2\/media?parent=61"}],"curies":[{"name":"wp","href":"https:\/\/api.w.org\/{rel}","templated":true}]}}