{"id":273,"date":"2024-07-02T09:57:01","date_gmt":"2024-07-02T09:57:01","guid":{"rendered":"https:\/\/gardneracademy.edu.ec\/gardner\/?page_id=273"},"modified":"2024-07-02T12:11:51","modified_gmt":"2024-07-02T12:11:51","slug":"educacion-basica","status":"publish","type":"page","link":"https:\/\/gardneracademy.edu.ec\/gardner\/educacion-basica\/","title":{"rendered":"Educaci\u00f3n B\u00e1sica"},"content":{"rendered":"\n\n\n\n\n\n\n\n\n\n<p>Lorem Ipsum has been the industry&#8217;s standard dummy text ever since the 1500s.<\/p>\n\n\n\nConoce Nuestra\nEDUCACI\u00d3N B\u00c1SICA\nDE 1RO A 7MO DE EGB\nEnse\u00f1anza personalizada.\n<p>\nNuestro objetivo es educar ni\u00f1as y ni\u00f1os felices y competentes para la vida. Buscamos desarrollar en nuestros estudiantes conocimientos, habilidades, destrezas y actitudes necesarias para su desempe\u00f1o, tanto acad\u00e9mico como personal y social.\n<\/p>\n<p>\nNuestra propuesta acad\u00e9mica est\u00e1 dise\u00f1ada para impulsar el ingl\u00e9s como segundo idioma, por lo cual el 50% de la malla curricular est\u00e1 en ingl\u00e9s.\n<\/p>\n<p>\nNuestros alumnos son protagonistas activos de su propio aprendizaje por lo cual utilizamos diversas estrategias de aprendizaje que fomentar\u00e1n la resoluci\u00f3n de problemas, exploraci\u00f3n e investigaci\u00f3n.<\/p>\n\n\n\n\n\n\n\n\n\n\n\n","protected":false},"excerpt":{"rendered":"","protected":false},"author":2,"featured_media":0,"parent":0,"menu_order":0,"comment_status":"closed","ping_status":"closed","template":"","meta":{"pagelayer_contact_templates":[],"_pagelayer_content":"","footnotes":""},"class_list":["post-273","page","type-page","status-publish","hentry"],"_links":{"self":[{"href":"https:\/\/gardneracademy.edu.ec\/gardner\/wp-json\/wp\/v2\/pages\/273","targetHints":{"allow":["GET"]}}],"collection":[{"href":"https:\/\/gardneracademy.edu.ec\/gardner\/wp-json\/wp\/v2\/pages"}],"about":[{"href":"https:\/\/gardneracademy.edu.ec\/gardner\/wp-json\/wp\/v2\/types\/page"}],"author":[{"embeddable":true,"href":"https:\/\/gardneracademy.edu.ec\/gardner\/wp-json\/wp\/v2\/users\/2"}],"replies":[{"embeddable":true,"href":"https:\/\/gardneracademy.edu.ec\/gardner\/wp-json\/wp\/v2\/comments?post=273"}],"version-history":[{"count":4,"href":"https:\/\/gardneracademy.edu.ec\/gardner\/wp-json\/wp\/v2\/pages\/273\/revisions"}],"predecessor-version":[{"id":317,"href":"https:\/\/gardneracademy.edu.ec\/gardner\/wp-json\/wp\/v2\/pages\/273\/revisions\/317"}],"wp:attachment":[{"href":"https:\/\/gardneracademy.edu.ec\/gardner\/wp-json\/wp\/v2\/media?parent=273"}],"curies":[{"name":"wp","href":"https:\/\/api.w.org\/{rel}","templated":true}]}}