{"id":268,"date":"2024-07-02T09:52:49","date_gmt":"2024-07-02T09:52:49","guid":{"rendered":"https:\/\/gardneracademy.edu.ec\/gardner\/?page_id=268"},"modified":"2024-07-02T12:12:32","modified_gmt":"2024-07-02T12:12:32","slug":"pre-escolar","status":"publish","type":"page","link":"https:\/\/gardneracademy.edu.ec\/gardner\/pre-escolar\/","title":{"rendered":"Pre-escolar"},"content":{"rendered":"\n\n\n\n\n\n\n\n\n\n<p>Lorem Ipsum has been the industry&#8217;s standard dummy text ever since the 1500s.<\/p>\n\n\n\n\nConoce Nuestro\n\nPRE-ESCOLAR\nNuestros estudiantes entre 3 y 5 a\u00f1os forman parte de Inicial I e Inicial II.\n<p>\nEn nuestro preescolar, aprendemos jugando, mediante el uso de diversas metodolog\u00edas activas que se adapten a nuestros estudiantes.\n<\/p>\n<p>\nEl desarrollo por competencias permite a nuestros estudiantes desarrollar sus bases educativas, as\u00ed como la potencializaci\u00f3n de su pensamiento cr\u00edtico, resoluci\u00f3n de problemas y razonamiento l\u00f3gico-matem\u00e1tico, sin dejar de lado sus habilidades sociales, en un entorno de respeto y compa\u00f1erismo para nuestros peque\u00f1os.\n<\/p>\n<p>\nImpulsamos la exploraci\u00f3n y conocimiento del entorno, nos encanta crear experiencias de aprendizaje al aire libre para nuestros peque\u00f1os.<\/p>\n<p>\n\nNuestra propuesta educativa es biling\u00fce y promueve el aprendizaje del ingl\u00e9s como segundo idioma.<\/p>\n\n\n\n\n\n\n\n\n\n\n\n","protected":false},"excerpt":{"rendered":"","protected":false},"author":2,"featured_media":0,"parent":0,"menu_order":0,"comment_status":"closed","ping_status":"closed","template":"","meta":{"pagelayer_contact_templates":[],"_pagelayer_content":"","footnotes":""},"class_list":["post-268","page","type-page","status-publish","hentry"],"_links":{"self":[{"href":"https:\/\/gardneracademy.edu.ec\/gardner\/wp-json\/wp\/v2\/pages\/268","targetHints":{"allow":["GET"]}}],"collection":[{"href":"https:\/\/gardneracademy.edu.ec\/gardner\/wp-json\/wp\/v2\/pages"}],"about":[{"href":"https:\/\/gardneracademy.edu.ec\/gardner\/wp-json\/wp\/v2\/types\/page"}],"author":[{"embeddable":true,"href":"https:\/\/gardneracademy.edu.ec\/gardner\/wp-json\/wp\/v2\/users\/2"}],"replies":[{"embeddable":true,"href":"https:\/\/gardneracademy.edu.ec\/gardner\/wp-json\/wp\/v2\/comments?post=268"}],"version-history":[{"count":5,"href":"https:\/\/gardneracademy.edu.ec\/gardner\/wp-json\/wp\/v2\/pages\/268\/revisions"}],"predecessor-version":[{"id":319,"href":"https:\/\/gardneracademy.edu.ec\/gardner\/wp-json\/wp\/v2\/pages\/268\/revisions\/319"}],"wp:attachment":[{"href":"https:\/\/gardneracademy.edu.ec\/gardner\/wp-json\/wp\/v2\/media?parent=268"}],"curies":[{"name":"wp","href":"https:\/\/api.w.org\/{rel}","templated":true}]}}