{"id":262,"date":"2024-07-02T09:46:29","date_gmt":"2024-07-02T09:46:29","guid":{"rendered":"https:\/\/gardneracademy.edu.ec\/gardner\/?page_id=262"},"modified":"2024-07-02T12:08:41","modified_gmt":"2024-07-02T12:08:41","slug":"maternal","status":"publish","type":"page","link":"https:\/\/gardneracademy.edu.ec\/gardner\/maternal\/","title":{"rendered":"Maternal"},"content":{"rendered":"\n\n\n\n\n\n\n\n\n\n<p>Lorem Ipsum has been the industry&#8217;s standard dummy text ever since the 1500s.<\/p>\n\n\n\n\nConoce Nuestro\n\n\nMATERNAL\n\n\nNuestra secci\u00f3n de maternal trabaja con los m\u00e1s peque\u00f1itos puesto que corresponde a nuestros estudiantes de 12 a 36 meses de edad.\n\n\n<p><br>En maternal buscamos potencializar con juegos y mediante una educaci\u00f3n con amor, habilidades como la motricidad fina y gruesa, la coordinaci\u00f3n, la creatividad y la ubicaci\u00f3n espacio-temporal, entre otras.<br><\/p>\n\n\n<p><br>Consideramos importante crear aprendizajes rodeados de ni\u00f1os ya que as\u00ed los peque\u00f1os tienen la oportunidad de interactuar con otros peque\u00f1os de su misma edad, desarrollando as\u00ed sus capacidades de comunicaci\u00f3n e integraci\u00f3n social..<br><\/p>\n\n\n<p><br>En maternal buscamos impulsar la autonom\u00eda. Al asistir al cole a temprana edad, los ni\u00f1os comienzan a desarrollar su independencia de los padres. Y comprenden que hay actividades que pueden realizar por s\u00ed mismos.<br><\/p>\n\n\n<p><br>Para nosotros, la educaci\u00f3n maternal es un pilar fundamental dentro de la educaci\u00f3n de nuestros ni\u00f1os, ya que les proporciona las bases para su educaci\u00f3n futura y por supuesto, para el ser humano en que se convertir\u00e1.<\/p>\n\n\n\n\n\n\n\n\n\n\n\n\n","protected":false},"excerpt":{"rendered":"","protected":false},"author":2,"featured_media":0,"parent":0,"menu_order":0,"comment_status":"closed","ping_status":"closed","template":"","meta":{"pagelayer_contact_templates":[],"_pagelayer_content":"","footnotes":""},"class_list":["post-262","page","type-page","status-publish","hentry"],"_links":{"self":[{"href":"https:\/\/gardneracademy.edu.ec\/gardner\/wp-json\/wp\/v2\/pages\/262","targetHints":{"allow":["GET"]}}],"collection":[{"href":"https:\/\/gardneracademy.edu.ec\/gardner\/wp-json\/wp\/v2\/pages"}],"about":[{"href":"https:\/\/gardneracademy.edu.ec\/gardner\/wp-json\/wp\/v2\/types\/page"}],"author":[{"embeddable":true,"href":"https:\/\/gardneracademy.edu.ec\/gardner\/wp-json\/wp\/v2\/users\/2"}],"replies":[{"embeddable":true,"href":"https:\/\/gardneracademy.edu.ec\/gardner\/wp-json\/wp\/v2\/comments?post=262"}],"version-history":[{"count":5,"href":"https:\/\/gardneracademy.edu.ec\/gardner\/wp-json\/wp\/v2\/pages\/262\/revisions"}],"predecessor-version":[{"id":314,"href":"https:\/\/gardneracademy.edu.ec\/gardner\/wp-json\/wp\/v2\/pages\/262\/revisions\/314"}],"wp:attachment":[{"href":"https:\/\/gardneracademy.edu.ec\/gardner\/wp-json\/wp\/v2\/media?parent=262"}],"curies":[{"name":"wp","href":"https:\/\/api.w.org\/{rel}","templated":true}]}}