{"id":131,"date":"2024-07-01T19:07:08","date_gmt":"2024-07-01T19:07:08","guid":{"rendered":"https:\/\/gardneracademy.edu.ec\/gardner\/?page_id=131"},"modified":"2024-09-26T18:45:56","modified_gmt":"2024-09-26T18:45:56","slug":"team-gardner","status":"publish","type":"page","link":"https:\/\/gardneracademy.edu.ec\/gardner\/team-gardner\/","title":{"rendered":"Team Gardner"},"content":{"rendered":"\n\n\n\n\n\n\n\n\n\n\n\n\n\n\n\n\n\n\n\n\n\nConoce el\nTEAM GARDNER\nNuestro equipo docente se caracteriza por su alto compromiso con la ense\u00f1anza de sus alumnos, siempre busca estrategias para convertir una clase tradicional en una experiencia de aprendizaje.\nEl team Gardner cuenta con docentes biling\u00fces con gran calidad humana y afectiva para trabajar con los ni\u00f1os y ni\u00f1as de nuestra instituci\u00f3n.\n\n\n\nProfesionales\nResponsables\n\n\n\n\nColaboradoras\nRespetuosas\n\n\n\n\n\n\n\nEs importante que conozcas los\nvalores del nuestro equipo de trabajo\n\n\n\n\n\n\n\n\n\n\n\n\n\n\n\n\nNUESTROS DOCENTES\n\n\n\n\n\n\n\n\n\n\n\n\n\n\n\n\n\n\n\n\n\n\n\n\nJoseph todd\n\n\n\n\n\n\n\n\n\n\n\nLorem Ipsum has been the industry\u2019s standard dummy text ever since the 1500s\n\n\n\n\n\n\n\n\n\n\n\n\n\n\n\n\n\n\n\n\n\n\n\n\n\n\n\n\n\ndarcie norris\n\n\n\n\n\n\n\n\n\n\n\nLorem Ipsum has been the industry\u2019s standard dummy text ever since the 1500s\n\n\n\n\n\n\n\n\n\n\n\n\n\n\n\n\n\n\n\n\n\n\n\n\n\n\n\n\n\nmark howe\n\n\n\n\n\n\n\n\n\n\n\nLorem Ipsum has been the industry\u2019s standard dummy text ever since the 1500s\n\n\n\n\n\n\n\n\n\n\n\n\n\n\n\n\n\n\n\n\n\n\n\n\n\n\n\n\n\nsarah wade\n\n\n\n\n\n\n\n\n\n\n\nLorem Ipsum has been the industry\u2019s standard dummy text ever since the 1500s\n\n\n\n\n\n\n\n\n\n","protected":false},"excerpt":{"rendered":"","protected":false},"author":2,"featured_media":0,"parent":0,"menu_order":0,"comment_status":"closed","ping_status":"closed","template":"","meta":{"pagelayer_contact_templates":[],"_pagelayer_content":"","footnotes":""},"class_list":["post-131","page","type-page","status-publish","hentry"],"_links":{"self":[{"href":"https:\/\/gardneracademy.edu.ec\/gardner\/wp-json\/wp\/v2\/pages\/131","targetHints":{"allow":["GET"]}}],"collection":[{"href":"https:\/\/gardneracademy.edu.ec\/gardner\/wp-json\/wp\/v2\/pages"}],"about":[{"href":"https:\/\/gardneracademy.edu.ec\/gardner\/wp-json\/wp\/v2\/types\/page"}],"author":[{"embeddable":true,"href":"https:\/\/gardneracademy.edu.ec\/gardner\/wp-json\/wp\/v2\/users\/2"}],"replies":[{"embeddable":true,"href":"https:\/\/gardneracademy.edu.ec\/gardner\/wp-json\/wp\/v2\/comments?post=131"}],"version-history":[{"count":15,"href":"https:\/\/gardneracademy.edu.ec\/gardner\/wp-json\/wp\/v2\/pages\/131\/revisions"}],"predecessor-version":[{"id":344,"href":"https:\/\/gardneracademy.edu.ec\/gardner\/wp-json\/wp\/v2\/pages\/131\/revisions\/344"}],"wp:attachment":[{"href":"https:\/\/gardneracademy.edu.ec\/gardner\/wp-json\/wp\/v2\/media?parent=131"}],"curies":[{"name":"wp","href":"https:\/\/api.w.org\/{rel}","templated":true}]}}